{"id":927,"date":"2017-08-17T21:32:44","date_gmt":"2017-08-17T18:32:44","guid":{"rendered":"http:\/\/www.jyvaskylankeilailuliitto.net\/ksranking\/?page_id=927"},"modified":"2017-08-17T21:34:21","modified_gmt":"2017-08-17T18:34:21","slug":"ranking-2016-2017","status":"publish","type":"page","link":"https:\/\/www.jyvaskylankeilailuliitto.net\/ksranking\/?page_id=927","title":{"rendered":"Ranking 2016-2017"},"content":{"rendered":"<p><strong>Keski-Suomi Ranking 2016-2017 Jesse Kalliolle<\/strong><\/p>\n<p>LOPPUTULOKSET:<\/p>\n<p>FINAALIN 1. vaihe:<br \/>\n1. Salonen Jami 1289 (24)<br \/>\n2. Lund\u00e9n Roosa 1248 (0)<br \/>\n3. Vahtola Erkki 1246 (48)<br \/>\n4. Kuorelahti Heli 1234 (132)<br \/>\n5. L\u00e4nkinen Reijo 1178 (96)<br \/>\n6. Hyt\u00f6nen Esko 1163 (48)<br \/>\n7. M\u00f6ls\u00e4 Jouko 1157 (72)<br \/>\n8. Salonen Janne 1149 (0)<br \/>\n9. Poutiainen Miikka 1145 (48)<br \/>\n10. Huttunen J-P 1129 (30)<br \/>\n11. Pelkonen Risto 1098 (24)<br \/>\n12. Blomberg Jarno 1083 (0)<br \/>\n13. \u00c4ss\u00e4m\u00e4ki Kalle 1074 (72)<br \/>\n14. H\u00e5rd Juha<br \/>\n15. Helminen Jouni<\/p>\n<p>FINAALIN 2. vaihe:<br \/>\n1. Kallio Jesse 1407 (0)<br \/>\n2. Kuorelahti Heli 1281 (132)<br \/>\n3. Hyt\u00f6nen Esko 1280 (48)<br \/>\n4. Vahtola Erkki 1239 (48)<br \/>\n5. Poutiainen Jukka 1230 (24)<br \/>\n6. Salonen Jami 1192 (24)<br \/>\n7. L\u00e4nkinen Reijo 1174 (96)<br \/>\n8. Lund\u00e9n Roosa 1137 (0)<br \/>\n9. Kukkonen Juho 1086 (54)<br \/>\n10. Kiviniemi Eerikki 1065 (48)<br \/>\n11. Oksanen Joni<br \/>\n12. Tiainen Heikki<\/p>\n<p>TULOKSET:<br \/>\n<a href=\"http:\/\/kskl.fi\/data\/documents\/Tulospalvelu_2016-2017.pdf\">Lopputulokset 21.5.17<\/a><\/p>\n","protected":false},"excerpt":{"rendered":"<p>Keski-Suomi Ranking 2016-2017 Jesse Kalliolle LOPPUTULOKSET: FINAALIN 1. vaihe: 1. Salonen Jami 1289 (24) 2. Lund\u00e9n Roosa 1248 (0) 3. Vahtola Erkki 1246 (48) 4. Kuorelahti Heli 1234 (132) 5. L\u00e4nkinen Reijo 1178 (96) 6. Hyt\u00f6nen Esko 1163 (48) 7. M\u00f6ls\u00e4 Jouko 1157 (72) 8. Salonen Janne 1149 (0) 9. Poutiainen Miikka 1145 (48) 10. &#8230; <a title=\"Ranking 2016-2017\" class=\"read-more\" href=\"https:\/\/www.jyvaskylankeilailuliitto.net\/ksranking\/?page_id=927\">Lue lis\u00e4\u00e4<span class=\"screen-reader-text\">Ranking 2016-2017<\/span><\/a><\/p>\n","protected":false},"author":1,"featured_media":0,"parent":0,"menu_order":0,"comment_status":"closed","ping_status":"closed","template":"","meta":{"footnotes":""},"class_list":["post-927","page","type-page","status-publish"],"_links":{"self":[{"href":"https:\/\/www.jyvaskylankeilailuliitto.net\/ksranking\/index.php?rest_route=\/wp\/v2\/pages\/927","targetHints":{"allow":["GET"]}}],"collection":[{"href":"https:\/\/www.jyvaskylankeilailuliitto.net\/ksranking\/index.php?rest_route=\/wp\/v2\/pages"}],"about":[{"href":"https:\/\/www.jyvaskylankeilailuliitto.net\/ksranking\/index.php?rest_route=\/wp\/v2\/types\/page"}],"author":[{"embeddable":true,"href":"https:\/\/www.jyvaskylankeilailuliitto.net\/ksranking\/index.php?rest_route=\/wp\/v2\/users\/1"}],"replies":[{"embeddable":true,"href":"https:\/\/www.jyvaskylankeilailuliitto.net\/ksranking\/index.php?rest_route=%2Fwp%2Fv2%2Fcomments&post=927"}],"version-history":[{"count":3,"href":"https:\/\/www.jyvaskylankeilailuliitto.net\/ksranking\/index.php?rest_route=\/wp\/v2\/pages\/927\/revisions"}],"predecessor-version":[{"id":930,"href":"https:\/\/www.jyvaskylankeilailuliitto.net\/ksranking\/index.php?rest_route=\/wp\/v2\/pages\/927\/revisions\/930"}],"wp:attachment":[{"href":"https:\/\/www.jyvaskylankeilailuliitto.net\/ksranking\/index.php?rest_route=%2Fwp%2Fv2%2Fmedia&parent=927"}],"curies":[{"name":"wp","href":"https:\/\/api.w.org\/{rel}","templated":true}]}}