{"id":9,"date":"2013-06-26T22:00:11","date_gmt":"2013-06-26T19:00:11","guid":{"rendered":"http:\/\/www.jyvaskylankeilailuliitto.net\/ksranking\/?page_id=9"},"modified":"2025-09-09T18:10:46","modified_gmt":"2025-09-09T15:10:46","slug":"saannot-ja-finaali","status":"publish","type":"page","link":"https:\/\/www.jyvaskylankeilailuliitto.net\/ksranking\/?page_id=9","title":{"rendered":"Kilpailun s\u00e4\u00e4nn\u00f6t"},"content":{"rendered":"\n<p>Keski-Suomen alueen keilailuliitot, keilahallit ja keilaseurat j\u00e4rjest\u00e4v\u00e4t yhteistuumin kaudella<br>2025-2026 liittojen sis\u00e4isen ranking-kiertueen. <strong>Kiertue on avoin Jyv\u00e4skyl\u00e4n, Keurussel\u00e4n ja<br>\u00c4\u00e4nekosken keilailuliittojen j\u00e4senille ja alueella asuville keilaajille.<\/strong> Osakilpailuja<br>j\u00e4rjestet\u00e4\u00e4n Hutungin, Jyv\u00e4skyl\u00e4n, Saarij\u00e4rven, Keuruun ja \u00c4\u00e4nekosken keilahalleissa.<\/p>\n\n\n\n<p>Keilaajat ker\u00e4\u00e4v\u00e4t ranking-pisteit\u00e4 ennalta ilmoitetuissa<br>kilpailuissa erikoiskilpailusuorituksen yhteydess\u00e4. Kilpailusuoritusta voi uusia rajattomasti<br>mik\u00e4li meneill\u00e4\u00e4n olevan erikoiskilpailun s\u00e4\u00e4nn\u00f6t sen sallivat. Vain paras tasoituksellinen 6<br>sarja tai 2&#215;3 sarjan tulos huomioidaan. Osakilpailuissa on samat tasoitukset kuin meneill\u00e4\u00e4n<br>olevassa erikoiskilpailussa.<\/p>\n\n\n\n<p>Koko kiertueen kilpailumaksu on 40 euroa \/ keilaaja. Lis\u00e4maksua kilpailusuorituksen<br>yhteydess\u00e4 ei perit\u00e4.<\/p>\n\n\n\n<p>Osallistumisoikeus: Alkaa kilpailumaksun suorittamisesta.<\/p>\n\n\n\n<p>Osakilpailuja on kaikkiaan 15 (kolme osakilpailua kussakin viidess\u00e4 mukana olevassa<br>hallissa).<\/p>\n\n\n\n<p><strong>Ranking-pisteet: Ranking-kiertuemaksun suorittaneet keilaajaa saavat pisteit\u00e4 alkukilpailun<br>sijoitustaan vastaavasti 3 eri luokka-ryhm\u00e4ss\u00e4 (MA, B ja CD)<\/strong> Osakilpailun voitto jokaisessa<br>luokka-ryhm\u00e4ss\u00e4 antaa 20 pistett\u00e4, toinen sija 17 pistett\u00e4, kolmas 14 pistett\u00e4, nelj\u00e4s 11<br>pistett\u00e4, viides 8 pistett\u00e4. Sijoitus 6. ja siit\u00e4 alasp\u00e4in antaa 5 ranking-pistett\u00e4.<br>Pistelaskennassa annetaan pisteit\u00e4 vain rankingiin osallistuville, v\u00e4liin sijoittuneet kilpailuun<br>osallistumattomat eiv\u00e4t v\u00e4henn\u00e4 pisteit\u00e4. Vuodenvaihteen mahdollisen luokkamuutoksen<br>j\u00e4lkeen kilpailija osallistuu sen hetkisen luokan m\u00e4\u00e4ritt\u00e4m\u00e4ss\u00e4 ryhm\u00e4ss\u00e4 s\u00e4ilytt\u00e4en<br>syyskaudella ker\u00e4\u00e4m\u00e4ns\u00e4 pisteet.<\/p>\n\n\n\n<p>Osakilpailunjohtaja: Osakilpailuissa kyseisen kilpailun kilpailunjohtaja vastaa osakilpailun<br>s\u00e4\u00e4nn\u00f6ist\u00e4 ja niiden tulkinnoista. Kiertueen Jury vastaa kiertueen<br>tulospalvelusta, viestinn\u00e4st\u00e4, finaalij\u00e4rjestelyist\u00e4 ja kiertues\u00e4\u00e4nt\u00f6jen tulkinnoista. Jury pit\u00e4\u00e4 oikeuden hyv\u00e4ksy\u00e4 tai olla hyv\u00e4ksym\u00e4tt\u00e4 ilmoittautuneen keilaajaan oikeuden osallistua kiertueelle.<\/p>\n\n\n\n<p>Tulokset: Osakilpailutulokset ja osallistumismaksun suorittaneiden nimet, joukkueet ja<br>Ranking-tilanne ovat n\u00e4ht\u00e4viss\u00e4 KS Ranking www-sivuilla. Muilta osin kilpailussa<br>noudatetaan SKL:n kilpailus\u00e4\u00e4nt\u00f6j\u00e4<\/p>\n\n\n\n<p><strong>Finaali pelataan viimeisen osakilpailun p\u00e4\u00e4ttymisen j\u00e4lkeen siin\u00e4 hallissa jonka ranking-<br>kiertueeseen osallistuvien keilaajien suorituksia vieras-halleissa on yhteens\u00e4 eniten.<\/strong><\/p>\n\n\n\n<p>Maksuttomaan Finaaliin p\u00e4\u00e4see yhteens\u00e4 16 keilaajaa, kustakin luokasta ilmoittautumisten<br>m\u00e4\u00e4r\u00e4\u00e4m\u00e4ss\u00e4 suhteessa. Finaaliin p\u00e4\u00e4syn edellytyksen\u00e4 on osallistuminen v\u00e4hint\u00e4\u00e4n yhteen<br>kunkin paikallisliiton osakilpailuun. Tuloksissa otetaan huomioon kaikkien osakilpailujen<br>pisteet.<\/p>\n\n\n\n<p>Tasapisteiden sattuessa kiertueen viimeisen alkukilpailun p\u00e4\u00e4ttyess\u00e4 finaali paikan saa<br>enemm\u00e4n osakilpailusuorituksia heitt\u00e4nyt pelaaja, paremman keski-arvon omaava tai arpa<br>t\u00e4ss\u00e4 j\u00e4rjestyksess\u00e4.<\/p>\n","protected":false},"excerpt":{"rendered":"<p>Keski-Suomen alueen keilailuliitot, keilahallit ja keilaseurat j\u00e4rjest\u00e4v\u00e4t yhteistuumin kaudella2025-2026 liittojen sis\u00e4isen ranking-kiertueen. Kiertue on avoin Jyv\u00e4skyl\u00e4n, Keurussel\u00e4n ja\u00c4\u00e4nekosken keilailuliittojen j\u00e4senille ja alueella asuville keilaajille. Osakilpailujaj\u00e4rjestet\u00e4\u00e4n Hutungin, Jyv\u00e4skyl\u00e4n, Saarij\u00e4rven, Keuruun ja \u00c4\u00e4nekosken keilahalleissa. Keilaajat ker\u00e4\u00e4v\u00e4t ranking-pisteit\u00e4 ennalta ilmoitetuissakilpailuissa erikoiskilpailusuorituksen yhteydess\u00e4. Kilpailusuoritusta voi uusia rajattomastimik\u00e4li meneill\u00e4\u00e4n olevan erikoiskilpailun s\u00e4\u00e4nn\u00f6t sen sallivat. Vain paras tasoituksellinen 6sarja tai 2&#215;3 &#8230; <a title=\"Kilpailun s\u00e4\u00e4nn\u00f6t\" class=\"read-more\" href=\"https:\/\/www.jyvaskylankeilailuliitto.net\/ksranking\/?page_id=9\">Lue lis\u00e4\u00e4<span class=\"screen-reader-text\">Kilpailun s\u00e4\u00e4nn\u00f6t<\/span><\/a><\/p>\n","protected":false},"author":1,"featured_media":0,"parent":0,"menu_order":0,"comment_status":"open","ping_status":"open","template":"","meta":{"footnotes":""},"class_list":["post-9","page","type-page","status-publish"],"_links":{"self":[{"href":"https:\/\/www.jyvaskylankeilailuliitto.net\/ksranking\/index.php?rest_route=\/wp\/v2\/pages\/9","targetHints":{"allow":["GET"]}}],"collection":[{"href":"https:\/\/www.jyvaskylankeilailuliitto.net\/ksranking\/index.php?rest_route=\/wp\/v2\/pages"}],"about":[{"href":"https:\/\/www.jyvaskylankeilailuliitto.net\/ksranking\/index.php?rest_route=\/wp\/v2\/types\/page"}],"author":[{"embeddable":true,"href":"https:\/\/www.jyvaskylankeilailuliitto.net\/ksranking\/index.php?rest_route=\/wp\/v2\/users\/1"}],"replies":[{"embeddable":true,"href":"https:\/\/www.jyvaskylankeilailuliitto.net\/ksranking\/index.php?rest_route=%2Fwp%2Fv2%2Fcomments&post=9"}],"version-history":[{"count":59,"href":"https:\/\/www.jyvaskylankeilailuliitto.net\/ksranking\/index.php?rest_route=\/wp\/v2\/pages\/9\/revisions"}],"predecessor-version":[{"id":1335,"href":"https:\/\/www.jyvaskylankeilailuliitto.net\/ksranking\/index.php?rest_route=\/wp\/v2\/pages\/9\/revisions\/1335"}],"wp:attachment":[{"href":"https:\/\/www.jyvaskylankeilailuliitto.net\/ksranking\/index.php?rest_route=%2Fwp%2Fv2%2Fmedia&parent=9"}],"curies":[{"name":"wp","href":"https:\/\/api.w.org\/{rel}","templated":true}]}}