{"id":680,"date":"2016-08-19T12:56:07","date_gmt":"2016-08-19T09:56:07","guid":{"rendered":"http:\/\/www.jyvaskylankeilailuliitto.net\/ksranking\/?page_id=680"},"modified":"2016-08-21T14:43:30","modified_gmt":"2016-08-21T11:43:30","slug":"ranking-2015-2016","status":"publish","type":"page","link":"https:\/\/www.jyvaskylankeilailuliitto.net\/ksranking\/?page_id=680","title":{"rendered":"Ranking 2015-2016"},"content":{"rendered":"<h1 class=\"entry-title\"><a href=\"http:\/\/www.jyvaskylankeilailuliitto.net\/ksranking\/?p=5\" rel=\"bookmark\">Keski-Suomi Ranking 2015-2016 pelattu \u2013 Joni Oksanen voittoon<\/a><\/h1>\n<p>Joni Oksanen KS Rankingin 2015-2016 voittoon<br \/>\n<a href=\"http:\/\/www.jyvaskylankeilailuliitto.net\/ksranking\/wp-content\/uploads\/2013\/06\/FINAALI.pdf\" rel=\"\">FINAALIN TULOKSET<\/a><\/p>\n<figure id=\"attachment_659\" aria-describedby=\"caption-attachment-659\" style=\"width: 809px\" class=\"wp-caption aligncenter\"><a href=\"http:\/\/www.jyvaskylankeilailuliitto.net\/ksranking\/wp-content\/uploads\/2013\/06\/KS-3-parasta.jpg\" rel=\"attachment wp-att-659\"><img loading=\"lazy\" decoding=\"async\" class=\"wp-image-659 size-full\" src=\"http:\/\/www.jyvaskylankeilailuliitto.net\/ksranking\/wp-content\/uploads\/2013\/06\/KS-3-parasta.jpg\" alt=\"KS 3 parasta\" width=\"819\" height=\"460\" srcset=\"https:\/\/www.jyvaskylankeilailuliitto.net\/ksranking\/wp-content\/uploads\/2013\/06\/KS-3-parasta.jpg 819w, https:\/\/www.jyvaskylankeilailuliitto.net\/ksranking\/wp-content\/uploads\/2013\/06\/KS-3-parasta-300x168.jpg 300w, https:\/\/www.jyvaskylankeilailuliitto.net\/ksranking\/wp-content\/uploads\/2013\/06\/KS-3-parasta-768x431.jpg 768w\" sizes=\"auto, (max-width: 819px) 100vw, 819px\" \/><\/a><figcaption id=\"caption-attachment-659\" class=\"wp-caption-text\">Kuvassa keskell\u00e4 ykk\u00f6nen Joni Oksanen, oikealla kakkonen Heli Kuorelahti ja vasemmalla kolmanneksi sijoittunut Hannu P\u00e4\u00e4kk\u00f6nen<\/figcaption><\/figure>\n<p>&nbsp;<\/p>\n<p><strong>PALKINNOT<\/strong><\/p>\n<p><span style=\"color: #333399;\">1.     850,00 \u20ac    Joni Oksanen<\/span><br \/>\n<span style=\"color: #333399;\"> 2.     600,00 \u20ac<\/span>    Heli Kuorelahti<br \/>\n3.     400,00 \u20ac    Hannu P\u00e4\u00e4kk\u00f6nen<br \/>\n4.     300,00 \u20ac    Jouni Helminen<br \/>\n5.     250,00 \u20ac    Jari Kallio<br \/>\n6.     200,00 \u20ac    Jesse Kallio<br \/>\n7.     160,00 \u20ac    Heikki Tiainen<br \/>\n8.     140,00 \u20ac    Pauli Ollikainen<br \/>\n9.     120,00 \u20ac    Eerikki Kiviniemi<br \/>\n10.     100,00 \u20ac  Jukka Poutiainen<br \/>\n11.     80,00 \u20ac    Markus Keskiruokanen<br \/>\n12.     70,00 \u20ac    Pasi Tapper<br \/>\n13.     50,00 \u20ac    Jouko M\u00f6ls\u00e4<br \/>\n14.     50,00 \u20ac    Erkki Vahtola<br \/>\n15.     50,00 \u20ac    Kalle \u00c4ss\u00e4m\u00e4ki<br \/>\n16.     50,00 \u20ac    Matti Kuorelahti<br \/>\n17.     50,00 \u20ac    Harri Koski<br \/>\n18.     50,00 \u20ac    Risto Pelkonen<br \/>\n19.     50,00 \u20ac    Timo Broman<br \/>\n20.     50,00 \u20ac    Roosa Lunden<\/p>\n<ul>\n<li><span style=\"color: #333399;\">alkukilpailun perusteella paras juniori: 120,00 \u20ac, toiseksi sijoittuneelle 80 \u20ac  (31.8.1997 j\u00e4lkeen syntyneet) 1. Kalle \u00c4ss\u00e4m\u00e4ki  2.  Joni K\u00e4rkk\u00e4inen<br \/>\n<\/span><\/li>\n<\/ul>\n<ul>\n<li><span style=\"color: #333399;\"> alkukilpailun perusteella paras nainen: 120,00 \u20ac, toiseksi sijoittuneelle 80 \u20ac, kolmannelle 50 \u20ac  1.  Roosa Lund\u00e9n  2.  Heli Kuorelahti   3. Sanna Nurminen<br \/>\n<\/span><\/li>\n<\/ul>\n<ul>\n<li><span style=\"color: #333399;\"> alkukilpailun perusteella paras veteraani: 200,00 \u20ac toiseksi sijoittuneelle 120 \u20ac, kolmannelle 80 \u20ac   1.  Risto Pelkonen   2. Pauli Ollikainen  3. Jouko M\u00f6ls\u00e4<br \/>\n<\/span><\/li>\n<\/ul>\n<ul>\n<li><span style=\"color: #333399;\"> alkukilpailun perusteella paras seniori: 200,00 \u20ac toiseksi sijoittuneelle 120 \u20ac, kolmannelle 80 \u20ac   1. Jukka Poutiainen  2. Pasi Tapper  3. Hannu P\u00e4\u00e4kk\u00f6nen<br \/>\n<\/span><\/li>\n<\/ul>\n<p><span style=\"color: #333399;\">Lis\u00e4ksi v\u00e4hint\u00e4\u00e4n 15 osakilpailuun osallistuneiden finaaliin selviytym\u00e4tt\u00f6mien kesken arvotaan 50 \u20ac<\/span><\/p>\n","protected":false},"excerpt":{"rendered":"<p>Keski-Suomi Ranking 2015-2016 pelattu \u2013 Joni Oksanen voittoon Joni Oksanen KS Rankingin 2015-2016 voittoon FINAALIN TULOKSET &nbsp; PALKINNOT 1. 850,00 \u20ac Joni Oksanen 2. 600,00 \u20ac Heli Kuorelahti 3. 400,00 \u20ac Hannu P\u00e4\u00e4kk\u00f6nen 4. 300,00 \u20ac Jouni Helminen 5. 250,00 \u20ac Jari Kallio 6. 200,00 \u20ac Jesse Kallio 7. 160,00 \u20ac Heikki Tiainen 8. 140,00 &#8230; <a title=\"Ranking 2015-2016\" class=\"read-more\" href=\"https:\/\/www.jyvaskylankeilailuliitto.net\/ksranking\/?page_id=680\">Lue lis\u00e4\u00e4<span class=\"screen-reader-text\">Ranking 2015-2016<\/span><\/a><\/p>\n","protected":false},"author":66,"featured_media":0,"parent":0,"menu_order":0,"comment_status":"closed","ping_status":"closed","template":"","meta":{"footnotes":""},"class_list":["post-680","page","type-page","status-publish"],"_links":{"self":[{"href":"https:\/\/www.jyvaskylankeilailuliitto.net\/ksranking\/index.php?rest_route=\/wp\/v2\/pages\/680","targetHints":{"allow":["GET"]}}],"collection":[{"href":"https:\/\/www.jyvaskylankeilailuliitto.net\/ksranking\/index.php?rest_route=\/wp\/v2\/pages"}],"about":[{"href":"https:\/\/www.jyvaskylankeilailuliitto.net\/ksranking\/index.php?rest_route=\/wp\/v2\/types\/page"}],"author":[{"embeddable":true,"href":"https:\/\/www.jyvaskylankeilailuliitto.net\/ksranking\/index.php?rest_route=\/wp\/v2\/users\/66"}],"replies":[{"embeddable":true,"href":"https:\/\/www.jyvaskylankeilailuliitto.net\/ksranking\/index.php?rest_route=%2Fwp%2Fv2%2Fcomments&post=680"}],"version-history":[{"count":3,"href":"https:\/\/www.jyvaskylankeilailuliitto.net\/ksranking\/index.php?rest_route=\/wp\/v2\/pages\/680\/revisions"}],"predecessor-version":[{"id":691,"href":"https:\/\/www.jyvaskylankeilailuliitto.net\/ksranking\/index.php?rest_route=\/wp\/v2\/pages\/680\/revisions\/691"}],"wp:attachment":[{"href":"https:\/\/www.jyvaskylankeilailuliitto.net\/ksranking\/index.php?rest_route=%2Fwp%2Fv2%2Fmedia&parent=680"}],"curies":[{"name":"wp","href":"https:\/\/api.w.org\/{rel}","templated":true}]}}