{"id":451,"date":"2015-07-28T20:48:39","date_gmt":"2015-07-28T17:48:39","guid":{"rendered":"http:\/\/www.jyvaskylankeilailuliitto.net\/ksranking\/?page_id=451"},"modified":"2015-12-20T20:01:24","modified_gmt":"2015-12-20T18:01:24","slug":"ranking-2014-2015","status":"publish","type":"page","link":"https:\/\/www.jyvaskylankeilailuliitto.net\/ksranking\/?page_id=451","title":{"rendered":"Ranking 2014-2015"},"content":{"rendered":"<p><a href=\"http:\/\/www.jyvaskylankeilailuliitto.net\/ksranking\/wp-content\/uploads\/2015\/05\/ksr15f.pdf\" target=\"_blank\">Finaalin tulokset<\/a><br \/>\n<strong>FINAALIN radanhoito <\/strong>oli <a href=\"http:\/\/www.kegel.net\/V3\/PatternLibraryPattern.aspx?ID=655\" target=\"_blank\">Boardwalk<\/a><\/p>\n<p>Jesse Kallio KS Rankingin 2014-2015 voittoon.<\/p>\n<p>LOPPUJ\u00c4RJESTYS 2014-2015:<\/p>\n<p>1. 800,00 \u20ac Kallio Jesse<br \/>\n2. 550,00 \u20ac Helminen Jouni<br \/>\n3. 400,00 \u20ac Kivinen Tuomas<br \/>\n4. 300,00 \u20ac Tapper Pasi<br \/>\n5. 250,00 \u20ac Poutiainen Jukka<br \/>\n6. 200,00 \u20ac Per\u00e4l\u00e4 Kai<br \/>\n7. 160,00 \u20ac Majoinen Tomi<br \/>\n8. 140,00 \u20ac Kuorelahti Matti<br \/>\n9. 120,00 \u20ac Salonen Jami<br \/>\n10. 100,00 \u20ac Koski Harri<br \/>\n11. 80,00 \u20ac Lunden Roosa<br \/>\n12. 70,00 \u20ac Ollikainen Pauli<br \/>\n13. 50,00 \u20ac Tiainen Heikki<br \/>\n14. 50,00 \u20ac Broman Timo<br \/>\n15. 50,00 \u20ac Ilmonen Jani<br \/>\n16. 50,00 \u20ac Hyt\u00f6nen Esko<br \/>\n17. 50,00 \u20ac Varma Seppo<br \/>\n18. 50,00 \u20ac Tukiainen Tomi<br \/>\n19. 50,00 \u20ac Pelkonen Risto<br \/>\n20. 50,00 \u20ac Ahonen Harri<\/p>\n<p>alkukilpailun perusteella paras juniori: 120,00 \u20ac, toiseksi sijoittuneelle 70 \u20ac (31.8.1996 j\u00e4lkeen syntyneet) : 1. Jami Salonen 2. Kalle \u00c4ss\u00e4m\u00e4ki<\/p>\n<p>alkukilpailun perusteella paras nainen: 120,00 \u20ac, toiseksi sijoittuneelle 70 \u20ac : 1. Roosa Lunden 2. Sanna Nurminen<\/p>\n<p>alkukilpailun perusteella paras veteraani: 150,00 \u20ac toiseksi sijoittuneelle 100 \u20ac, kolmannelle 70 \u20ac : 1. Risto Pelkonen 2. Pauli Ollikainen 3. Heikki Tiainen<\/p>\n<p>alkukilpailun perusteella paras seniori: 150,00 \u20ac toiseksi sijoittuneelle 100 \u20ac, kolmannelle 70 \u20ac : 1. Jukka Poutiainen 2. Pasi Tapper 3. Timo Broman<\/p>\n<p>Lis\u00e4ksi v\u00e4hint\u00e4\u00e4n 15 osakilpailuun osallistuneiden finaaliin selviytym\u00e4tt\u00f6mien kesken arvotaan 50 \u20ac: Sanna Nurminen<\/p>\n<p>Karsinnan lopullinen tilanne<a href=\"http:\/\/www.jyvaskylankeilailuliitto.net\/ksranking\/wp-content\/uploads\/2015\/05\/ksrf.pdf\" target=\"_blank\">T\u00c4ST\u00c4<\/a><br \/>\n&gt;<\/p>\n<p>Huomautukset tulospalvelu@jyvaskylankeilailuliitto.net 20.5.2015 klo 18:00 menness\u00e4.<\/p>\n","protected":false},"excerpt":{"rendered":"<p>Finaalin tulokset FINAALIN radanhoito oli Boardwalk Jesse Kallio KS Rankingin 2014-2015 voittoon. LOPPUJ\u00c4RJESTYS 2014-2015: 1. 800,00 \u20ac Kallio Jesse 2. 550,00 \u20ac Helminen Jouni 3. 400,00 \u20ac Kivinen Tuomas 4. 300,00 \u20ac Tapper Pasi 5. 250,00 \u20ac Poutiainen Jukka 6. 200,00 \u20ac Per\u00e4l\u00e4 Kai 7. 160,00 \u20ac Majoinen Tomi 8. 140,00 \u20ac Kuorelahti Matti 9. &#8230; <a title=\"Ranking 2014-2015\" class=\"read-more\" href=\"https:\/\/www.jyvaskylankeilailuliitto.net\/ksranking\/?page_id=451\">Lue lis\u00e4\u00e4<span class=\"screen-reader-text\">Ranking 2014-2015<\/span><\/a><\/p>\n","protected":false},"author":1,"featured_media":0,"parent":0,"menu_order":0,"comment_status":"open","ping_status":"open","template":"","meta":{"footnotes":""},"class_list":["post-451","page","type-page","status-publish"],"_links":{"self":[{"href":"https:\/\/www.jyvaskylankeilailuliitto.net\/ksranking\/index.php?rest_route=\/wp\/v2\/pages\/451","targetHints":{"allow":["GET"]}}],"collection":[{"href":"https:\/\/www.jyvaskylankeilailuliitto.net\/ksranking\/index.php?rest_route=\/wp\/v2\/pages"}],"about":[{"href":"https:\/\/www.jyvaskylankeilailuliitto.net\/ksranking\/index.php?rest_route=\/wp\/v2\/types\/page"}],"author":[{"embeddable":true,"href":"https:\/\/www.jyvaskylankeilailuliitto.net\/ksranking\/index.php?rest_route=\/wp\/v2\/users\/1"}],"replies":[{"embeddable":true,"href":"https:\/\/www.jyvaskylankeilailuliitto.net\/ksranking\/index.php?rest_route=%2Fwp%2Fv2%2Fcomments&post=451"}],"version-history":[{"count":5,"href":"https:\/\/www.jyvaskylankeilailuliitto.net\/ksranking\/index.php?rest_route=\/wp\/v2\/pages\/451\/revisions"}],"predecessor-version":[{"id":590,"href":"https:\/\/www.jyvaskylankeilailuliitto.net\/ksranking\/index.php?rest_route=\/wp\/v2\/pages\/451\/revisions\/590"}],"wp:attachment":[{"href":"https:\/\/www.jyvaskylankeilailuliitto.net\/ksranking\/index.php?rest_route=%2Fwp%2Fv2%2Fmedia&parent=451"}],"curies":[{"name":"wp","href":"https:\/\/api.w.org\/{rel}","templated":true}]}}