{"id":39,"date":"2013-06-28T21:26:41","date_gmt":"2013-06-28T18:26:41","guid":{"rendered":"http:\/\/www.jyvaskylankeilailuliitto.net\/ksranking\/?page_id=39"},"modified":"2025-10-06T20:05:57","modified_gmt":"2025-10-06T17:05:57","slug":"ilmoittautuminen","status":"publish","type":"page","link":"https:\/\/www.jyvaskylankeilailuliitto.net\/ksranking\/?page_id=39","title":{"rendered":"Ilmoittautuminen"},"content":{"rendered":"\n<p>Ensimm\u00e4iset osakilpailut alkavat 13.10.2025. <\/p>\n\n\n\n<p>Osallistumisoikeus kiertueelle alkaa kun osallistumismaksu on suoritettu.<\/p>\n\n\n\n<p><\/p>\n\n\n\n<p><strong>Henkil\u00f6kohtainen ilmoittautuminen:<\/strong><\/p>\n\n\n<div role=\"form\" class=\"wpcf7\" id=\"wpcf7-f1272-o1\" lang=\"fi\" dir=\"ltr\">\n<div class=\"screen-reader-response\"><\/div>\n<form action=\"\/ksranking\/index.php?rest_route=%2Fwp%2Fv2%2Fpages%2F39#wpcf7-f1272-o1\" method=\"post\" class=\"wpcf7-form\" novalidate=\"novalidate\">\n<div style=\"display: none;\">\n<input type=\"hidden\" name=\"_wpcf7\" value=\"1272\" \/>\n<input type=\"hidden\" name=\"_wpcf7_version\" value=\"5.0.3\" \/>\n<input type=\"hidden\" name=\"_wpcf7_locale\" value=\"fi\" \/>\n<input type=\"hidden\" name=\"_wpcf7_unit_tag\" value=\"wpcf7-f1272-o1\" \/>\n<input type=\"hidden\" name=\"_wpcf7_container_post\" value=\"0\" \/>\n<\/div>\n<p><label> Nimi (pakollinen)<br \/>\n    <span class=\"wpcf7-form-control-wrap your-name\"><input type=\"text\" name=\"your-name\" value=\"\" size=\"40\" class=\"wpcf7-form-control wpcf7-text wpcf7-validates-as-required\" aria-required=\"true\" aria-invalid=\"false\" \/><\/span> <\/label><\/p>\n<p><label> S\u00e4hk\u00f6posti (pakollinen)<br \/>\n    <span class=\"wpcf7-form-control-wrap your-email\"><input type=\"email\" name=\"your-email\" value=\"\" size=\"40\" class=\"wpcf7-form-control wpcf7-text wpcf7-email wpcf7-validates-as-required wpcf7-validates-as-email\" aria-required=\"true\" aria-invalid=\"false\" \/><\/span> <\/label><\/p>\n<p><label> Miss\u00e4 luokassa kilpailet<br \/>\n    <span class=\"wpcf7-form-control-wrap menu-718\"><select name=\"menu-718\" class=\"wpcf7-form-control wpcf7-select wpcf7-validates-as-required\" aria-required=\"true\" aria-invalid=\"false\"><option value=\"\">---<\/option><option value=\"MA\">MA<\/option><option value=\"B\">B<\/option><option value=\"CD\">CD<\/option><\/select><\/span> <\/label><\/p>\n<p><label> Mik\u00e4 on kotihallisi<br \/>\n    <span class=\"wpcf7-form-control-wrap menu-967\"><select name=\"menu-967\" class=\"wpcf7-form-control wpcf7-select wpcf7-validates-as-required\" aria-required=\"true\" aria-invalid=\"false\"><option value=\"\">---<\/option><option value=\"\u00c4\u00e4nekoski\">\u00c4\u00e4nekoski<\/option><option value=\"Saarij\u00e4rvi\">Saarij\u00e4rvi<\/option><option value=\"Keuruu\">Keuruu<\/option><option value=\"Jyv\u00e4skyl\u00e4 Puppari\">Jyv\u00e4skyl\u00e4 Puppari<\/option><option value=\"Hutunki\">Hutunki<\/option><\/select><\/span> <\/label><\/p>\n<p><label> Seura (pakollinen)<br \/>\n    <span class=\"wpcf7-form-control-wrap text-354\"><input type=\"text\" name=\"text-354\" value=\"\" size=\"40\" class=\"wpcf7-form-control wpcf7-text wpcf7-validates-as-required\" aria-required=\"true\" aria-invalid=\"false\" \/><\/span> <\/label><\/p>\n<p><input type=\"submit\" value=\"L\u00e4het\u00e4 henkil\u00f6kohtainen ilmoittautuminen\" class=\"wpcf7-form-control wpcf7-submit\" \/><\/p>\n<div class=\"wpcf7-response-output wpcf7-display-none\"><\/div><\/form><\/div>\n\n\n\n<p><strong>Joukkuekilpailuun ilmoittautuminen:<\/strong><\/p>\n\n\n<div role=\"form\" class=\"wpcf7\" id=\"wpcf7-f1321-o2\" lang=\"fi\" dir=\"ltr\">\n<div class=\"screen-reader-response\"><\/div>\n<form action=\"\/ksranking\/index.php?rest_route=%2Fwp%2Fv2%2Fpages%2F39#wpcf7-f1321-o2\" method=\"post\" class=\"wpcf7-form\" novalidate=\"novalidate\">\n<div style=\"display: none;\">\n<input type=\"hidden\" name=\"_wpcf7\" value=\"1321\" \/>\n<input type=\"hidden\" name=\"_wpcf7_version\" value=\"5.0.3\" \/>\n<input type=\"hidden\" name=\"_wpcf7_locale\" value=\"fi\" \/>\n<input type=\"hidden\" name=\"_wpcf7_unit_tag\" value=\"wpcf7-f1321-o2\" \/>\n<input type=\"hidden\" name=\"_wpcf7_container_post\" value=\"0\" \/>\n<\/div>\n<p><label> S\u00e4hk\u00f6posti (pakollinen)<br \/>\n    <span class=\"wpcf7-form-control-wrap your-email\"><input type=\"email\" name=\"your-email\" value=\"\" size=\"40\" class=\"wpcf7-form-control wpcf7-text wpcf7-email wpcf7-validates-as-required wpcf7-validates-as-email\" aria-required=\"true\" aria-invalid=\"false\" \/><\/span> <\/label><\/p>\n<p><label> Nimesi (Kilpailija1) (pakollinen)<br \/>\n    <span class=\"wpcf7-form-control-wrap your-name\"><input type=\"text\" name=\"your-name\" value=\"\" size=\"40\" class=\"wpcf7-form-control wpcf7-text wpcf7-validates-as-required\" aria-required=\"true\" aria-invalid=\"false\" \/><\/span> <\/label><\/p>\n<p><label> Kilpailija2 (pakollinen)<br \/>\n    <span class=\"wpcf7-form-control-wrap your-name2\"><input type=\"text\" name=\"your-name2\" value=\"\" size=\"40\" class=\"wpcf7-form-control wpcf7-text wpcf7-validates-as-required\" aria-required=\"true\" aria-invalid=\"false\" \/><\/span> <\/label><\/p>\n<p><label> Kilpailija3 (pakollinen)<br \/>\n    <span class=\"wpcf7-form-control-wrap your-name3\"><input type=\"text\" name=\"your-name3\" value=\"\" size=\"40\" class=\"wpcf7-form-control wpcf7-text wpcf7-validates-as-required\" aria-required=\"true\" aria-invalid=\"false\" \/><\/span> <\/label><\/p>\n<p><input type=\"submit\" value=\"L\u00e4het\u00e4 joukkueen ilmoittautuminen\" class=\"wpcf7-form-control wpcf7-submit\" \/><\/p>\n<div class=\"wpcf7-response-output wpcf7-display-none\"><\/div><\/form><\/div>\n\n\n\n<p><\/p>\n","protected":false},"excerpt":{"rendered":"<p>Ensimm\u00e4iset osakilpailut alkavat 13.10.2025. Osallistumisoikeus kiertueelle alkaa kun osallistumismaksu on suoritettu. Henkil\u00f6kohtainen ilmoittautuminen: Joukkuekilpailuun ilmoittautuminen:<\/p>\n","protected":false},"author":1,"featured_media":0,"parent":0,"menu_order":0,"comment_status":"open","ping_status":"open","template":"","meta":{"footnotes":""},"class_list":["post-39","page","type-page","status-publish"],"_links":{"self":[{"href":"https:\/\/www.jyvaskylankeilailuliitto.net\/ksranking\/index.php?rest_route=\/wp\/v2\/pages\/39","targetHints":{"allow":["GET"]}}],"collection":[{"href":"https:\/\/www.jyvaskylankeilailuliitto.net\/ksranking\/index.php?rest_route=\/wp\/v2\/pages"}],"about":[{"href":"https:\/\/www.jyvaskylankeilailuliitto.net\/ksranking\/index.php?rest_route=\/wp\/v2\/types\/page"}],"author":[{"embeddable":true,"href":"https:\/\/www.jyvaskylankeilailuliitto.net\/ksranking\/index.php?rest_route=\/wp\/v2\/users\/1"}],"replies":[{"embeddable":true,"href":"https:\/\/www.jyvaskylankeilailuliitto.net\/ksranking\/index.php?rest_route=%2Fwp%2Fv2%2Fcomments&post=39"}],"version-history":[{"count":32,"href":"https:\/\/www.jyvaskylankeilailuliitto.net\/ksranking\/index.php?rest_route=\/wp\/v2\/pages\/39\/revisions"}],"predecessor-version":[{"id":1431,"href":"https:\/\/www.jyvaskylankeilailuliitto.net\/ksranking\/index.php?rest_route=\/wp\/v2\/pages\/39\/revisions\/1431"}],"wp:attachment":[{"href":"https:\/\/www.jyvaskylankeilailuliitto.net\/ksranking\/index.php?rest_route=%2Fwp%2Fv2%2Fmedia&parent=39"}],"curies":[{"name":"wp","href":"https:\/\/api.w.org\/{rel}","templated":true}]}}