{"id":25,"date":"2013-06-28T20:46:15","date_gmt":"2013-06-28T17:46:15","guid":{"rendered":"http:\/\/www.jyvaskylankeilailuliitto.net\/ksranking\/?page_id=25"},"modified":"2026-04-20T19:43:49","modified_gmt":"2026-04-20T16:43:49","slug":"palkinnot","status":"publish","type":"page","link":"https:\/\/www.jyvaskylankeilailuliitto.net\/ksranking\/?page_id=25","title":{"rendered":"Palkinnot ja finaali"},"content":{"rendered":"\n<p><strong>Finaali Jyv\u00e4skyl\u00e4n keilahallissa lauantaina 16.5.2026 klo 12.<\/strong><\/p>\n\n\n\n<p><strong>Pelitapa 8s AM.  215\/155 80%<br>Henkil\u00f6kohtaisen Ranking-kilpailun palkinnot:<\/strong><\/p>\n\n\n\n<figure class=\"wp-block-image size-full\"><a href=\"https:\/\/www.jyvaskylankeilailuliitto.net\/ksranking\/wp-content\/uploads\/2025\/09\/image.png\"><img loading=\"lazy\" decoding=\"async\" width=\"173\" height=\"394\" src=\"https:\/\/www.jyvaskylankeilailuliitto.net\/ksranking\/wp-content\/uploads\/2025\/09\/image.png\" alt=\"\" class=\"wp-image-1313\" srcset=\"https:\/\/www.jyvaskylankeilailuliitto.net\/ksranking\/wp-content\/uploads\/2025\/09\/image.png 173w, https:\/\/www.jyvaskylankeilailuliitto.net\/ksranking\/wp-content\/uploads\/2025\/09\/image-132x300.png 132w\" sizes=\"auto, (max-width: 173px) 100vw, 173px\" \/><\/a><\/figure>\n\n\n\n<p><\/p>\n\n\n\n<p><strong>Henkil\u00f6kohtaisen Ranking-kilpailun rinnalla pelataan 3-henkil\u00f6n joukkuekilpailu.<\/strong><\/p>\n\n\n\n<p>Joukkueen Ranking-pisteet muodostuvat joukkueeseen kuuluvien henkil\u00f6kohtaisten Ranking-<br>pisteiden summana. Pisteet huomioidaan joukkueelle siit\u00e4 hetkest\u00e4 alkaen kun pelaajat on ilmoitettu osallistumismaksut on suoritettu.<br>Joukkuekilpailun osallistumismaksu on 60 eur ja niist\u00e4 kertynyt potti jaetaan palkintoina<br>kokonaisuudessaan.<\/p>\n\n\n\n<ol class=\"wp-block-list\">\n<li>40%<\/li>\n\n\n\n<li>30%<\/li>\n\n\n\n<li>20%<\/li>\n\n\n\n<li>10%<\/li>\n<\/ol>\n\n\n\n<p><strong>Erikoispalkintona kahdelle 100 euron lahjakortti keilahalliin. Arvonta suoritetaan<br>v\u00e4hint\u00e4\u00e4n kahteen kunkin paikallisliiton osakilpailuun osallistuneiden kesken.<\/strong><\/p>\n\n\n\n<p><\/p>\n","protected":false},"excerpt":{"rendered":"<p>Finaali Jyv\u00e4skyl\u00e4n keilahallissa lauantaina 16.5.2026 klo 12. Pelitapa 8s AM. 215\/155 80%Henkil\u00f6kohtaisen Ranking-kilpailun palkinnot: Henkil\u00f6kohtaisen Ranking-kilpailun rinnalla pelataan 3-henkil\u00f6n joukkuekilpailu. Joukkueen Ranking-pisteet muodostuvat joukkueeseen kuuluvien henkil\u00f6kohtaisten Ranking-pisteiden summana. Pisteet huomioidaan joukkueelle siit\u00e4 hetkest\u00e4 alkaen kun pelaajat on ilmoitettu osallistumismaksut on suoritettu.Joukkuekilpailun osallistumismaksu on 60 eur ja niist\u00e4 kertynyt potti jaetaan palkintoinakokonaisuudessaan. Erikoispalkintona kahdelle 100 euron &#8230; <a title=\"Palkinnot ja finaali\" class=\"read-more\" href=\"https:\/\/www.jyvaskylankeilailuliitto.net\/ksranking\/?page_id=25\">Lue lis\u00e4\u00e4<span class=\"screen-reader-text\">Palkinnot ja finaali<\/span><\/a><\/p>\n","protected":false},"author":1,"featured_media":0,"parent":0,"menu_order":0,"comment_status":"open","ping_status":"open","template":"","meta":{"footnotes":""},"class_list":["post-25","page","type-page","status-publish"],"_links":{"self":[{"href":"https:\/\/www.jyvaskylankeilailuliitto.net\/ksranking\/index.php?rest_route=\/wp\/v2\/pages\/25","targetHints":{"allow":["GET"]}}],"collection":[{"href":"https:\/\/www.jyvaskylankeilailuliitto.net\/ksranking\/index.php?rest_route=\/wp\/v2\/pages"}],"about":[{"href":"https:\/\/www.jyvaskylankeilailuliitto.net\/ksranking\/index.php?rest_route=\/wp\/v2\/types\/page"}],"author":[{"embeddable":true,"href":"https:\/\/www.jyvaskylankeilailuliitto.net\/ksranking\/index.php?rest_route=\/wp\/v2\/users\/1"}],"replies":[{"embeddable":true,"href":"https:\/\/www.jyvaskylankeilailuliitto.net\/ksranking\/index.php?rest_route=%2Fwp%2Fv2%2Fcomments&post=25"}],"version-history":[{"count":82,"href":"https:\/\/www.jyvaskylankeilailuliitto.net\/ksranking\/index.php?rest_route=\/wp\/v2\/pages\/25\/revisions"}],"predecessor-version":[{"id":1575,"href":"https:\/\/www.jyvaskylankeilailuliitto.net\/ksranking\/index.php?rest_route=\/wp\/v2\/pages\/25\/revisions\/1575"}],"wp:attachment":[{"href":"https:\/\/www.jyvaskylankeilailuliitto.net\/ksranking\/index.php?rest_route=%2Fwp%2Fv2%2Fmedia&parent=25"}],"curies":[{"name":"wp","href":"https:\/\/api.w.org\/{rel}","templated":true}]}}