{"id":1248,"date":"2025-08-16T08:01:17","date_gmt":"2025-08-16T05:01:17","guid":{"rendered":"https:\/\/www.jyvaskylankeilailuliitto.net\/ksranking\/?page_id=1248"},"modified":"2025-08-16T08:26:11","modified_gmt":"2025-08-16T05:26:11","slug":"ranking-2018-2019-2","status":"publish","type":"page","link":"https:\/\/www.jyvaskylankeilailuliitto.net\/ksranking\/?page_id=1248","title":{"rendered":"Ranking 2018-2019"},"content":{"rendered":"\n<h1 class=\"wp-block-heading\"><br>KS Ranking 2018 &#8211; 2019 pelattu<\/h1>\n\n\n<div class=\"wp-block-image\">\n<figure class=\"aligncenter\"><a href=\"http:\/\/www.jyvaskylankeilailuliitto.net\/ksranking\/wp-content\/uploads\/2019\/04\/IMG_2124-002.jpg\"><img loading=\"lazy\" decoding=\"async\" width=\"300\" height=\"225\" src=\"http:\/\/www.jyvaskylankeilailuliitto.net\/ksranking\/wp-content\/uploads\/2019\/04\/IMG_2124-002-300x225.jpg\" alt=\"\" class=\"wp-image-1233\" srcset=\"https:\/\/www.jyvaskylankeilailuliitto.net\/ksranking\/wp-content\/uploads\/2019\/04\/IMG_2124-002-300x225.jpg 300w, https:\/\/www.jyvaskylankeilailuliitto.net\/ksranking\/wp-content\/uploads\/2019\/04\/IMG_2124-002-768x576.jpg 768w, https:\/\/www.jyvaskylankeilailuliitto.net\/ksranking\/wp-content\/uploads\/2019\/04\/IMG_2124-002-1024x768.jpg 1024w, https:\/\/www.jyvaskylankeilailuliitto.net\/ksranking\/wp-content\/uploads\/2019\/04\/IMG_2124-002.jpg 2016w\" sizes=\"auto, (max-width: 300px) 100vw, 300px\" \/><\/a><\/figure><\/div>\n\n\n<p>Kuudes Keski-Suomi Ranking on saatu maaliin. Voittajaksi lasketteli Jesse Kallio, hopealle ylsi Joni Oksanen ja himmein mitali meni Haakanan Ollille.<\/p>\n\n\n\n<p><a href=\"http:\/\/www.jyvaskylankeilailuliitto.net\/jykeli\/wp-content\/uploads\/2019\/04\/ksrankingkarsinta.pdf\" target=\"_blank\" rel=\"noreferrer noopener\">Finaalin vaihe 1<\/a><\/p>\n\n\n\n<p><a href=\"http:\/\/www.jyvaskylankeilailuliitto.net\/jykeli\/wp-content\/uploads\/2019\/04\/Ks-Rankingfinaali.pdf\">Finaalin vaihe 2<\/a><\/p>\n\n\n\n<p>Kiitokset osallistujille &amp; toimijoille &amp; maksumiehille. Katsotaan saadaanko ensi kaudeksi taas jotain aikaiseksi<\/p>\n\n\n\n<p>&#8212;&#8212;&#8212;&#8212;&#8212;&#8212;&#8212;&#8212;&#8212;&#8212;&#8212;&#8212;&#8212;-<\/p>\n\n\n\n<p>KSR 2018-2019&nbsp;<strong>Finaali pelataan sunnuntaina 28.4.2019 klo 10:00 alkaen Keuruulla<\/strong>.<\/p>\n\n\n\n<p><a href=\"https:\/\/www.dropbox.com\/sh\/tfevjrln4uoii32\/AABBhRzYI0SXd5GSALVaXvqha\/Pattern_Library\/Brunswick%20Gold%20Crown%20Collection\/02%20Brunswick%20Gold%20Crown%20COMPETITIVE%20Patterns\/02%20-%20Inferno?dl=0&amp;lst=&amp;preview=INFERNO.pdf&amp;subfolder_nav_tracking=1\">Finaalin radanhoito on Inferno<\/a><\/p>\n\n\n\n<p><strong>VAIHE 1 (harjoitteluaika 10 minuuuttia \/ 8 harjoitusheittoa)<\/strong>: &nbsp;Kiertuepisteiss\u00e4 sijoille 7.- 22. sijoittuneet pelaavat&nbsp;<strong>6 sarjaa amerikkalaisella pelitavalla<\/strong>. 6 parasta jatkaa vaiheeseen 2.<\/p>\n\n\n\n<p><em>Radanhoito<\/em><\/p>\n\n\n\n<p><strong>VAIHE 2 (harjoitteluaika 10 minuuttia\/ 8 harjoitusheittoa)<\/strong>: Vaihe 1:n 6 parasta ja kiertuepisteiden 6 parasta pelaavat 8 s. am (3 pelaajaa \/ ratapari)<\/p>\n\n\n\n<p>&#8212;&#8212;&#8212;&#8212;&#8212;&#8212;&#8212;&#8212;&#8212;&#8212;&#8212;&#8212;&#8212;&#8212;&#8211;<\/p>\n\n\n\n<h1 class=\"wp-block-heading\"><br>Kilpailun s\u00e4\u00e4nn\u00f6t<\/h1>\n\n\n\n<h1 class=\"wp-block-heading\">Keski-Suomi Ranking 2018-2019<\/h1>\n\n\n\n<p>Keski-Suomen alueen keilailuliitot, keilahallit ja keilaseurat j\u00e4rjest\u00e4v\u00e4t kaudelle 2018-2019&nbsp;<strong>kaikille rekister\u00f6ityneille keilaajille avoimen<\/strong>&nbsp;ranking-kiertueen. Osakilpailuja j\u00e4rjestet\u00e4\u00e4n Hutungissa, Jyv\u00e4skyl\u00e4n, Saarij\u00e4rven, Keuruun ja \u00c4\u00e4nekosken keilahalleissa.<\/p>\n\n\n\n<p>Keilaajat ker\u00e4\u00e4v\u00e4t ranking-pisteit\u00e4 ennalta ilmoitetuissa kilpailuissa&nbsp;<strong>erikoiskilpailusuorituksen<\/strong>&nbsp;<strong>yhteydess\u00e4<\/strong>. Kilpailusuoritusta voi uusia rajattomasti mik\u00e4li meneill\u00e4\u00e4n olevan erikoiskilpailun s\u00e4\u00e4nn\u00f6t sen sallivat. Vain paras tasoituksellinen tulos huomioidaan. Osakilpailuissa on samat tasoitukset kuin meneill\u00e4\u00e4n olevassa erikoiskilpailussa.<\/p>\n\n\n\n<p>Koko kiertueen kilpailumaksu on 35 euroa \/ keilaaja. Lis\u00e4maksua kilpailusuorituksen yhteydess\u00e4 ei perit\u00e4. Osakilpailun j\u00e4rjest\u00e4v\u00e4n seuran maksu on 70 \u20ac.<\/p>\n\n\n\n<p>Osallistumisoikeus: Alkaa kilpailumaksun suorittamisesta.<\/p>\n\n\n\n<p>Osakilpailuja on kaikkiaan 10 (kaksi osakilpailua kussakin viidess\u00e4 mukana olevassa hallissa).<\/p>\n\n\n\n<p>Ranking-pisteet: Kunkin osakilpailun ranking-kiertuemaksun suorittanutta keilaajaa saavat pisteit\u00e4 alkukilpailun sijoitustaan vastaavasti. Osakilpailun voitto antaa 30 pistett\u00e4, toinen sija 26 pistett\u00e4, kolmas 21 pistett\u00e4. Sijoitukset 4.-16. antavat yhden pisteen v\u00e4lein 17-5 pistett\u00e4.&nbsp; Sijoitukset 17. ja siit\u00e4 alasp\u00e4in antavat yhden (1) ranking-pisteen. Pistelaskennassa annetaan pisteit\u00e4 vain rankingiin osallistuville, v\u00e4liin sijoittuneet kilpailuun osallistumattomat eiv\u00e4t v\u00e4henn\u00e4 pisteit\u00e4.<\/p>\n\n\n\n<p><strong>Finaali pelataan 28.4.2019 klo 10:00 alkaen Keuruun keilahallissa&nbsp;<\/strong>. Maksuttomaan finaaliin otetaan 22 keilaajaa kiertuepisteiden mukaisessa paremmuusj\u00e4rjestyksess\u00e4. Finaaliin p\u00e4\u00e4sy sek\u00e4 erikoispalkinnot edellytt\u00e4v\u00e4t lis\u00e4ksi osallistumista v\u00e4hint\u00e4\u00e4n yhteen osakilpailuun jokaisessa mukana olevassa hallissa. Tuloksissa otetaan huomioon kaikkien osakilpailujen pisteet.<\/p>\n\n\n\n<p>Tasapisteiden sattuessa kiertueen viimeisen alkukilpailun p\u00e4\u00e4ttyess\u00e4 korkeimmalla keskiarvolla pelaava saa paikan.<\/p>\n\n\n\n<p><strong>Finaalin pelitapa<\/strong><br>VAIHE 1<br>Alkukilpailun sijoille 7.-22. sijoittuneet pelaavat 6. s am.<\/p>\n\n\n\n<p>VAIHE 2 (Radanhoito)<br>Vaihe 1:n 6 parasta ja alkukilpailun 6 parasta pelaavat 8 s. am (3 pelaaja \/ ratapari)<\/p>\n\n\n\n<p>Osakilpailunjohtaja: Osakilpailuissa kyseisen kilpailun kilpailunjohtaja vastaa osakilpailun s\u00e4\u00e4nn\u00f6ist\u00e4 ja niiden tulkinnoista. Varsinaiset kiertueenjohtajat (jury) vastaavat tulospalvelusta, viestinn\u00e4st\u00e4, finaalij\u00e4rjestelyist\u00e4. Kilpailun jury on: Pepe H\u00e4kkinen, Hannu P\u00e4\u00e4kk\u00f6nen &amp; Janne Salonen.<\/p>\n\n\n\n<p>Tulokset: Osakilpailutulokset ja osallistumismaksun suorittaneiden nimet ja Ranking-tilanne ovat n\u00e4ht\u00e4viss\u00e4 n\u00e4ill\u00e4 Rankingin www-sivuilla. Muilta osin kilpailussa noudatetaan SKL:n kilpailus\u00e4\u00e4nt\u00f6j\u00e4<\/p>\n\n\n\n<p>&#8212;&#8212;&#8212;&#8212;&#8212;&#8212;&#8212;&#8211;<\/p>\n\n\n\n<h1 class=\"wp-block-heading\"><br>Osakilpailut<\/h1>\n\n\n\n<p>Osakilpailut 2018 &#8211; 2019 (10):<\/p>\n\n\n\n<p>Hutunki (2)<br>Hutunki Open 10.12.2018-2.2.2019<br>Gatorade Challenge 4.2.2019-17.3.2019<\/p>\n\n\n\n<p>Jyv\u00e4skyl\u00e4 (2)<br>Silver Bowl Open 5.11.2018-16.12.2018<br>JBC:n Erikoiskilpailu 26.12.2018-3.2.2019<\/p>\n\n\n\n<p>Keuruu (2)<br>Tervake 1.10. &#8211; 2.12.2018<br>Vilkeen Talvikaadot 3.12.2018 &#8211; 3.2.2019<\/p>\n\n\n\n<p>Saarij\u00e4rvi (2)<br>1.10.-11.11.2018<br>Jussin kaadot 19.11.2018-20.1.2019<\/p>\n\n\n\n<p>\u00c4\u00e4nekoski (2)<br>X-300:n kisa 15.10.-13.1.2019<br>KosKein kisa 14.1.2019 &#8211; 31.3.2019<\/p>\n\n\n\n<p>&#8212;&#8212;&#8212;&#8212;&#8212;&#8212;&#8211;<\/p>\n\n\n\n<p><br>Tulospalvelu<\/p>\n\n\n\n<p>TULOKSET<\/p>\n\n\n\n<p><a href=\"http:\/\/www.jyvaskylankeilailuliitto.net\/ksranking\/wp-content\/uploads\/2018\/11\/Saarike-Syyskaadot.pdf\">Saarikkeen Syyskaadot<\/a><\/p>\n\n\n\n<p><a href=\"http:\/\/www.jyvaskylankeilailuliitto.net\/ksranking\/wp-content\/uploads\/2018\/12\/TERVAKE.pdf\">Tervan keilaajien syyskisa<\/a><\/p>\n\n\n\n<p><a href=\"http:\/\/www.jyvaskylankeilailuliitto.net\/ksranking\/wp-content\/uploads\/2018\/12\/Silver-Bowl.pdf\">Silver Bowl<\/a><\/p>\n\n\n\n<p><a href=\"http:\/\/www.jyvaskylankeilailuliitto.net\/ksranking\/wp-content\/uploads\/2019\/01\/Jussin-Kaadot-Saarij%C3%A4rvi.pdf\">Jussin Kaadot Saarij\u00e4rvi<\/a><\/p>\n\n\n\n<p>Lopputilanne<\/p>\n\n\n\n<p><a href=\"http:\/\/www.jyvaskylankeilailuliitto.net\/ksranking\/wp-content\/uploads\/2019\/03\/Tulospalvelu_2018-2019-1.pdf\">Tulospalvelu_2018 &#8211; 2019<\/a><\/p>\n\n\n\n<p>&#8212;&#8212;&#8212;&#8212;&#8212;&#8212;&#8211;<\/p>\n\n\n\n<h1 class=\"wp-block-heading\"><br>Palkinnot ja finaali<\/h1>\n\n\n\n<p><strong>Finaali<\/strong>&nbsp;keilataan<strong>&nbsp;su 28.4.2019&nbsp;&nbsp;Keuruulla.&nbsp;<\/strong>Finaaliin otetaan 22 keilaajaa kiertuepisteiden mukaisessa paremmuusj\u00e4rjestyksess\u00e4. Tuloksissa otetaan huomioon kaikkien osakilpailujen pisteet.<\/p>\n\n\n\n<p>FINAALIN radanhoito on&nbsp;<a href=\"https:\/\/www.dropbox.com\/sh\/tfevjrln4uoii32\/AABBhRzYI0SXd5GSALVaXvqha\/Pattern_Library\/Brunswick%20Gold%20Crown%20Collection\/02%20Brunswick%20Gold%20Crown%20COMPETITIVE%20Patterns\/02%20-%20Inferno?dl=0&amp;subfolder_nav_tracking=1\">Inferno<\/a><br><strong>Finaalin pelitapa<\/strong><\/p>\n\n\n\n<p>Pelataan ilman l\u00e4ht\u00f6pisteit\u00e4 tasoituksin 205-155 \/ 80 %.<\/p>\n\n\n\n<p><strong>VAIHE 1 (harjoitteluaika 10 minuuuttia \/ 8 harjoitusheittoa)<\/strong>: &nbsp;Kiertuepisteiss\u00e4 sijoille 7.- 22. sijoittuneet pelaavat&nbsp;<strong>6 sarjaa amerikkalaisella pelitavalla<\/strong>. 6 parasta jatkaa vaiheeseen 2.<\/p>\n\n\n\n<p><em>Radanhoito<\/em><\/p>\n\n\n\n<p><strong>VAIHE 2 (harjoitteluaika 10 minuuttia\/ 8 harjoitusheittoa)<\/strong>: Vaihe 1:n 6 parasta ja kiertuepisteiden 6 parasta pelaavat 8 s. am (3 pelaajaa \/ ratapari)<br><strong>PALKINNOT<\/strong><\/p>\n\n\n\n<p>1. 900,00 \u20ac<br>2. 650,00 \u20ac<br>3. 450,00 \u20ac<br>4. 300,00 \u20ac<br>5. 250,00 \u20ac<br>6. 200,00 \u20ac<br>7. 170,00 \u20ac<br>8. 150,00 \u20ac<br>9. 130,00 \u20ac<br>10. 110,00 \u20ac<br>11. 90,00 \u20ac<br>12. 70,00 \u20ac<br>13. 50,00 \u20ac<br>14. 50,00 \u20ac<br>15. 50,00 \u20ac<br>16. 50,00 \u20ac<br>17. 50,00 \u20ac<br>18. 50,00 \u20ac<br>19. 50,00 \u20ac<br>20. 50,00 \u20ac<br>21. 50,00 \u20ac<br>22. 50,00 \u20ac<\/p>\n\n\n\n<p>Alkukilpailun perusteella:<\/p>\n\n\n\n<p>Paras juniori: 100 \u20ac<br>Naiset: 1. 150 \u20ac 2. 100 \u20ac 3. 50\u20ac<br>Veteraanit: 1. 170 \u20ac 2. 120 \u20ac 3. 100 \u20ac<br>Seniorit: 1. 200 \u20ac 2. 150 \u20ac 3. 120 \u20ac<\/p>\n\n\n\n<p>&#8212;&#8212;&#8212;&#8212;&#8212;&#8212;-<\/p>\n\n\n\n<h1 class=\"wp-block-heading\"><br>Ilmoittautuminen<\/h1>\n\n\n\n<p>Mukaan p\u00e4\u00e4see maksamalla kilpailumaksu 35 \u20ac j\u00e4rjest\u00e4j\u00e4n tilille:<\/p>\n\n\n\n<p>Jyv\u00e4skyl\u00e4n keilailuliitto IBAN FI58 8000 1500 4370 42 \/ viestikentt\u00e4\u00e4n: KS Ranking 2018-2019 \/ Keilaajan nimi<\/p>\n\n\n\n<p>Tai suoraan keilahalleille (Saarij\u00e4rvi &amp; Keuruu ainakin).<\/p>\n\n\n\n<p>&#8212;&#8212;&#8212;&#8212;&#8212;-<\/p>\n\n\n\n<h1 class=\"wp-block-heading\"><br>Osallistujat<\/h1>\n\n\n\n<p>Kilpailumaksu maksettu: 49<\/p>\n\n\n\n<p>Petri Mastom\u00e4ki VilKe<br>Jussi S\u00e4rkk\u00e4 Tervake<br>Vesa Leinonen Keurla<br>Pepe H\u00e4kkinen JBC<br>Pauli Ollikainen JBC<br>Hannu P\u00e4\u00e4kk\u00f6nen Keurla<br>Heikki Katajisto SaariKe<br>Ville-Veikko H\u00e4nninen SaariKe<br>Jaakko Kuusim\u00e4ki SaariKe<br>Miikka Poutiainen HutuKe<br>Sanna Nurminen JBC<br>Ilpo Kinnunen SaariKe<br>Aapo Kantsila Kos-Kei<br>Jouko M\u00f6ls\u00e4 Sepot-JKL<br>Joni Oksanen AS<br>Jami Salonen JBC<br>Markku Puurunen Mainarit<br>Juha J\u00e4rvinen MuurKe<br>Tatu Halonen Valmet<br>Olli Haakana JBC<br>Tuula Kemppainen Nasevat<br>Juho Kukkonen JBC<br>Eerikki Kiviniemi JBC<br>Heikki Hermaala JBC<br>Matti Kuorelahti JBC<br>Heli Kuorelahti JBC<br>Kari Nurminen LauKe<br>Pasi Tapper Keurla<br>Petri Salmij\u00e4rvi Tervake<br>Jukka-Pekka Siukola VilKe<br>Toni Rajala SaariKe<br>Jesse Kallio TPS<br>Roosa Lund\u00e9n GB<br>Pasi Korhonen SaariKe<br>Anne Leisalo JBC<br>Markku J\u00e4rvinen JBC<br>Markku Tuominen Kos-Kei<br>Erkki Vahtola JBC<br>Jukka Poutiainen HutuKe<br>Marie Rautiainen VV \u00c4ki<br>Reijo Rautiainen KosKa<br>Markku Niiranen Tervake<br>Esko Hyt\u00f6nen KosBo<br>Janne Salonen Ramblers<br>Niko Humalalampi TGB<br>Timo Broman Ramblers<br>Jari Kallio TKK<br>Jorma Blomberg Kos-Kei<br>Jouni Helminen SBF<\/p>\n","protected":false},"excerpt":{"rendered":"<p>KS Ranking 2018 &#8211; 2019 pelattu Kuudes Keski-Suomi Ranking on saatu maaliin. Voittajaksi lasketteli Jesse Kallio, hopealle ylsi Joni Oksanen ja himmein mitali meni Haakanan Ollille. Finaalin vaihe 1 Finaalin vaihe 2 Kiitokset osallistujille &amp; toimijoille &amp; maksumiehille. Katsotaan saadaanko ensi kaudeksi taas jotain aikaiseksi &#8212;&#8212;&#8212;&#8212;&#8212;&#8212;&#8212;&#8212;&#8212;&#8212;&#8212;&#8212;&#8212;- KSR 2018-2019&nbsp;Finaali pelataan sunnuntaina 28.4.2019 klo 10:00 alkaen Keuruulla. &#8230; <a title=\"Ranking 2018-2019\" class=\"read-more\" href=\"https:\/\/www.jyvaskylankeilailuliitto.net\/ksranking\/?page_id=1248\">Lue lis\u00e4\u00e4<span class=\"screen-reader-text\">Ranking 2018-2019<\/span><\/a><\/p>\n","protected":false},"author":2,"featured_media":0,"parent":0,"menu_order":0,"comment_status":"closed","ping_status":"closed","template":"","meta":{"footnotes":""},"class_list":["post-1248","page","type-page","status-publish"],"_links":{"self":[{"href":"https:\/\/www.jyvaskylankeilailuliitto.net\/ksranking\/index.php?rest_route=\/wp\/v2\/pages\/1248","targetHints":{"allow":["GET"]}}],"collection":[{"href":"https:\/\/www.jyvaskylankeilailuliitto.net\/ksranking\/index.php?rest_route=\/wp\/v2\/pages"}],"about":[{"href":"https:\/\/www.jyvaskylankeilailuliitto.net\/ksranking\/index.php?rest_route=\/wp\/v2\/types\/page"}],"author":[{"embeddable":true,"href":"https:\/\/www.jyvaskylankeilailuliitto.net\/ksranking\/index.php?rest_route=\/wp\/v2\/users\/2"}],"replies":[{"embeddable":true,"href":"https:\/\/www.jyvaskylankeilailuliitto.net\/ksranking\/index.php?rest_route=%2Fwp%2Fv2%2Fcomments&post=1248"}],"version-history":[{"count":11,"href":"https:\/\/www.jyvaskylankeilailuliitto.net\/ksranking\/index.php?rest_route=\/wp\/v2\/pages\/1248\/revisions"}],"predecessor-version":[{"id":1261,"href":"https:\/\/www.jyvaskylankeilailuliitto.net\/ksranking\/index.php?rest_route=\/wp\/v2\/pages\/1248\/revisions\/1261"}],"wp:attachment":[{"href":"https:\/\/www.jyvaskylankeilailuliitto.net\/ksranking\/index.php?rest_route=%2Fwp%2Fv2%2Fmedia&parent=1248"}],"curies":[{"name":"wp","href":"https:\/\/api.w.org\/{rel}","templated":true}]}}