{"id":5022,"date":"2025-07-13T22:01:31","date_gmt":"2025-07-13T19:01:31","guid":{"rendered":"http:\/\/www.jyvaskylankeilailuliitto.net\/jykeli\/?page_id=5022"},"modified":"2026-01-18T10:48:26","modified_gmt":"2026-01-18T08:48:26","slug":"home","status":"publish","type":"page","link":"http:\/\/www.jyvaskylankeilailuliitto.net\/jykeli\/","title":{"rendered":"Home"},"content":{"rendered":"\n<figure class=\"wp-block-image size-large\"><img loading=\"lazy\" decoding=\"async\" width=\"1024\" height=\"172\" src=\"https:\/\/www.jyvaskylankeilailuliitto.net\/jykeli\/wp-content\/uploads\/2025\/09\/Etusivu-1024x172.jpg\" alt=\"\" class=\"wp-image-5283\" srcset=\"http:\/\/www.jyvaskylankeilailuliitto.net\/jykeli\/wp-content\/uploads\/2025\/09\/Etusivu-1024x172.jpg 1024w, http:\/\/www.jyvaskylankeilailuliitto.net\/jykeli\/wp-content\/uploads\/2025\/09\/Etusivu-300x50.jpg 300w, http:\/\/www.jyvaskylankeilailuliitto.net\/jykeli\/wp-content\/uploads\/2025\/09\/Etusivu-768x129.jpg 768w, http:\/\/www.jyvaskylankeilailuliitto.net\/jykeli\/wp-content\/uploads\/2025\/09\/Etusivu.jpg 1374w\" sizes=\"auto, (max-width: 1024px) 100vw, 1024px\" \/><\/figure>\n\n\n\n<p> <\/p>\n\n\n\n<p class=\"has-medium-font-size\">Hei, olet Jyv\u00e4skyl\u00e4n keilailuliiton kotisivuilla.<\/p>\n\n\n\n<p class=\"has-medium-font-size\">Sivusto toimii tiedotuskanavana paikallisille harrastajille, seuroille ja keilailua seuraaville. <\/p>\n\n\n\n<p class=\"has-medium-font-size\">Julkaisut painottuvat paikallisen kilpailutoiminnan edist\u00e4miseen.<\/p>\n\n\n\n<p class=\"has-medium-font-size\">Viimeisimm\u00e4t julkaisut ja p\u00e4ivitykset l\u00f6ytyv\u00e4t sivun alalaidasta ja aihepiireitt\u00e4in valikkopalkista.<\/p>\n\n\n\n<p class=\"has-medium-font-size\">Vanhempia dokumentteja voi etsi\u00e4 julkaisuajankohdan mukaisesti Arkistot-valikon kautta<\/p>\n\n\n\n<p class=\"has-medium-font-size\">tai kirjoittamalla hakusana Hae-kentt\u00e4\u00e4n.<\/p>\n\n\n\n<p>-Jyv\u00e4skyl\u00e4n keilailuliiton hallitus<\/p>\n\n\n\n<p class=\"has-medium-font-size\"><\/p>\n\n\n<ul class=\"wp-block-latest-posts__list is-grid columns-4 has-dates wp-block-latest-posts\"><li><a class=\"wp-block-latest-posts__post-title\" href=\"http:\/\/www.jyvaskylankeilailuliitto.net\/jykeli\/?p=6020\">Jyv\u00e4skyl\u00e4n joukkuemestaruudesta pelataan Jyv\u00e4skyl\u00e4n hallissa 3.5.2026<\/a><time datetime=\"2026-04-23T14:07:16+03:00\" class=\"wp-block-latest-posts__post-date\">23.4.2026<\/time><\/li>\n<li><a class=\"wp-block-latest-posts__post-title\" href=\"http:\/\/www.jyvaskylankeilailuliitto.net\/jykeli\/?p=5823\">Jyv\u00e4skyl\u00e4n mestarit 2026 Tomi Majoinen ja Heli Rossi<\/a><time datetime=\"2026-03-30T07:58:11+03:00\" class=\"wp-block-latest-posts__post-date\">30.3.2026<\/time><\/li>\n<li><a class=\"wp-block-latest-posts__post-title\" href=\"http:\/\/www.jyvaskylankeilailuliitto.net\/jykeli\/?p=5278\">Keski-Suomen Ranking viimeiset osakilpailut meneill\u00e4\u00e4n. Finaali Jyv\u00e4skyl\u00e4n keilahallissa lauantaina 16.5.2026 klo 12.<\/a><time datetime=\"2026-03-13T18:38:52+02:00\" class=\"wp-block-latest-posts__post-date\">13.3.2026<\/time><\/li>\n<li><a class=\"wp-block-latest-posts__post-title\" href=\"http:\/\/www.jyvaskylankeilailuliitto.net\/jykeli\/?p=5461\">SM-kisat 2026<\/a><time datetime=\"2026-02-24T20:21:05+02:00\" class=\"wp-block-latest-posts__post-date\">24.2.2026<\/time><\/li>\n<li><a class=\"wp-block-latest-posts__post-title\" href=\"http:\/\/www.jyvaskylankeilailuliitto.net\/jykeli\/?p=5749\">MuppetShow2026   16.2-22.3.2026<\/a><time datetime=\"2026-02-16T20:02:24+02:00\" class=\"wp-block-latest-posts__post-date\">16.2.2026<\/time><\/li>\n<li><a class=\"wp-block-latest-posts__post-title\" href=\"http:\/\/www.jyvaskylankeilailuliitto.net\/jykeli\/?p=5243\">Halliliiga 2025-2026<\/a><time datetime=\"2026-02-16T16:52:49+02:00\" class=\"wp-block-latest-posts__post-date\">16.2.2026<\/time><\/li>\n<li><a class=\"wp-block-latest-posts__post-title\" href=\"http:\/\/www.jyvaskylankeilailuliitto.net\/jykeli\/?p=5637\">Sivupotku Open 5.1-15.2.2026 Finaalin tulokset<\/a><time datetime=\"2026-02-15T12:03:42+02:00\" class=\"wp-block-latest-posts__post-date\">15.2.2026<\/time><\/li>\n<li><a class=\"wp-block-latest-posts__post-title\" href=\"http:\/\/www.jyvaskylankeilailuliitto.net\/jykeli\/?p=5633\">Jyv\u00e4skyl\u00e4 Senior Open 2026 5.1-15.2.2026 Finaalin tulokset<\/a><time datetime=\"2026-02-15T11:58:09+02:00\" class=\"wp-block-latest-posts__post-date\">15.2.2026<\/time><\/li>\n<li><a class=\"wp-block-latest-posts__post-title\" href=\"http:\/\/www.jyvaskylankeilailuliitto.net\/jykeli\/?p=5258\">Suomelle joukkuepronssia veteraanien EM-kilpailussa 30.1.-8.2.2026 Wien, It\u00e4valta<\/a><time datetime=\"2026-02-06T12:30:23+02:00\" class=\"wp-block-latest-posts__post-date\">6.2.2026<\/time><\/li>\n<li><a class=\"wp-block-latest-posts__post-title\" href=\"http:\/\/www.jyvaskylankeilailuliitto.net\/jykeli\/?p=5696\">Hutunki Open 2026 19.1-29.3.2026<\/a><time datetime=\"2026-01-18T21:33:47+02:00\" class=\"wp-block-latest-posts__post-date\">18.1.2026<\/time><\/li>\n<li><a class=\"wp-block-latest-posts__post-title\" href=\"http:\/\/www.jyvaskylankeilailuliitto.net\/jykeli\/?p=5576\">HutuKen Talvikaadot 15.12.2025-18.1.2026, Finaalin tulokset<\/a><time datetime=\"2026-01-18T08:38:55+02:00\" class=\"wp-block-latest-posts__post-date\">18.1.2026<\/time><\/li>\n<li><a class=\"wp-block-latest-posts__post-title\" href=\"http:\/\/www.jyvaskylankeilailuliitto.net\/jykeli\/?p=5661\">Naisten viiden kaupungin liitto-ottelu lauantaina 17.1.2026 Hutungin Keilahallissa.    Heinola vei voiton!<\/a><time datetime=\"2026-01-16T09:25:04+02:00\" class=\"wp-block-latest-posts__post-date\">16.1.2026<\/time><\/li>\n<\/ul>","protected":false},"excerpt":{"rendered":"<p>Hei, olet Jyv\u00e4skyl\u00e4n keilailuliiton kotisivuilla. Sivusto toimii tiedotuskanavana paikallisille harrastajille, seuroille ja keilailua seuraaville. Julkaisut painottuvat paikallisen kilpailutoiminnan edist\u00e4miseen. Viimeisimm\u00e4t julkaisut ja p\u00e4ivitykset l\u00f6ytyv\u00e4t sivun alalaidasta ja aihepiireitt\u00e4in valikkopalkista. Vanhempia dokumentteja voi etsi\u00e4 julkaisuajankohdan mukaisesti Arkistot-valikon kautta tai kirjoittamalla hakusana Hae-kentt\u00e4\u00e4n. -Jyv\u00e4skyl\u00e4n keilailuliiton hallitus<\/p>\n","protected":false},"author":21,"featured_media":0,"parent":0,"menu_order":0,"comment_status":"closed","ping_status":"closed","template":"","meta":{"_bbp_topic_count":0,"_bbp_reply_count":0,"_bbp_total_topic_count":0,"_bbp_total_reply_count":0,"_bbp_voice_count":0,"_bbp_anonymous_reply_count":0,"_bbp_topic_count_hidden":0,"_bbp_reply_count_hidden":0,"_bbp_forum_subforum_count":0,"footnotes":""},"class_list":["post-5022","page","type-page","status-publish","czr-hentry"],"_links":{"self":[{"href":"http:\/\/www.jyvaskylankeilailuliitto.net\/jykeli\/index.php?rest_route=\/wp\/v2\/pages\/5022","targetHints":{"allow":["GET"]}}],"collection":[{"href":"http:\/\/www.jyvaskylankeilailuliitto.net\/jykeli\/index.php?rest_route=\/wp\/v2\/pages"}],"about":[{"href":"http:\/\/www.jyvaskylankeilailuliitto.net\/jykeli\/index.php?rest_route=\/wp\/v2\/types\/page"}],"author":[{"embeddable":true,"href":"http:\/\/www.jyvaskylankeilailuliitto.net\/jykeli\/index.php?rest_route=\/wp\/v2\/users\/21"}],"replies":[{"embeddable":true,"href":"http:\/\/www.jyvaskylankeilailuliitto.net\/jykeli\/index.php?rest_route=%2Fwp%2Fv2%2Fcomments&post=5022"}],"version-history":[{"count":22,"href":"http:\/\/www.jyvaskylankeilailuliitto.net\/jykeli\/index.php?rest_route=\/wp\/v2\/pages\/5022\/revisions"}],"predecessor-version":[{"id":5682,"href":"http:\/\/www.jyvaskylankeilailuliitto.net\/jykeli\/index.php?rest_route=\/wp\/v2\/pages\/5022\/revisions\/5682"}],"wp:attachment":[{"href":"http:\/\/www.jyvaskylankeilailuliitto.net\/jykeli\/index.php?rest_route=%2Fwp%2Fv2%2Fmedia&parent=5022"}],"curies":[{"name":"wp","href":"https:\/\/api.w.org\/{rel}","templated":true}]}}